{"id":3184,"date":"2023-05-23T15:26:17","date_gmt":"2023-05-23T15:26:17","guid":{"rendered":"https:\/\/myphillywc.wpenginepowered.com\/?page_id=3184"},"modified":"2023-07-17T17:41:17","modified_gmt":"2023-07-17T17:41:17","slug":"servicios","status":"publish","type":"page","link":"https:\/\/myphillyworkerscomp.com\/es\/servicios\/","title":{"rendered":"Servicios"},"content":{"rendered":"<p>Como abogados dedicados a lesiones laborales, somos decididos en nuestro apoyo y representaci\u00f3n de los trabajadores de Pensilvania. Abogamos por los trabajadores de todas las industrias, desde la construcci\u00f3n y la fabricaci\u00f3n hasta la atenci\u00f3n m\u00e9dica y el transporte.<\/p>\n<p>Ya sea que haya sufrido lesiones f\u00edsicas como fracturas, esguinces o lesiones por esfuerzos repetitivos, o haya sido afectado por enfermedades ocupacionales como enfermedades relacionadas con el asbesto o afecciones respiratorias, estamos aqu\u00ed para luchar por sus derechos.<\/p>\n<p>Mire el video a continuaci\u00f3n para ver c\u00f3mo le servimos.<\/p>\n<p style=\"margin-top: 30px;\" align=\"center\"><iframe loading=\"lazy\" title=\"YouTube video player\" src=\"https:\/\/www.youtube.com\/embed\/QlyWOcEm9QI\" width=\"1103\" height=\"630\" frameborder=\"0\" allowfullscreen=\"allowfullscreen\"><\/iframe><\/p>\n","protected":false},"excerpt":{"rendered":"<p>Como abogados dedicados a lesiones laborales, somos decididos en nuestro apoyo y representaci\u00f3n de los trabajadores de Pensilvania. Abogamos por los trabajadores de todas las industrias, desde la construcci\u00f3n y la fabricaci\u00f3n hasta la atenci\u00f3n m\u00e9dica y el transporte. Ya sea que haya sufrido lesiones f\u00edsicas como fracturas, esguinces o lesiones por esfuerzos repetitivos, o [&hellip;]<\/p>\n","protected":false},"author":1,"featured_media":2959,"parent":0,"menu_order":0,"comment_status":"closed","ping_status":"closed","template":"page-template\/service.php","meta":{"footnotes":""},"class_list":["post-3184","page","type-page","status-publish","has-post-thumbnail","hentry"],"acf":[],"yoast_head":"<!-- This site is optimized with the Yoast SEO Premium plugin v21.0 (Yoast SEO v21.5) - https:\/\/yoast.com\/wordpress\/plugins\/seo\/ -->\n<title>Servicios - Cardamone Law<\/title>\n<meta name=\"robots\" content=\"index, follow, max-snippet:-1, max-image-preview:large, max-video-preview:-1\" \/>\n<link rel=\"canonical\" href=\"https:\/\/myphillyworkerscomp.com\/es\/servicios\/\" \/>\n<meta property=\"og:locale\" content=\"es_ES\" \/>\n<meta property=\"og:type\" content=\"article\" \/>\n<meta property=\"og:title\" content=\"Servicios\" \/>\n<meta property=\"og:description\" content=\"Como abogados dedicados a lesiones laborales, somos decididos en nuestro apoyo y representaci\u00f3n de los trabajadores de Pensilvania. Abogamos por los trabajadores de todas las industrias, desde la construcci\u00f3n y la fabricaci\u00f3n hasta la atenci\u00f3n m\u00e9dica y el transporte. Ya sea que haya sufrido lesiones f\u00edsicas como fracturas, esguinces o lesiones por esfuerzos repetitivos, o [&hellip;]\" \/>\n<meta property=\"og:url\" content=\"https:\/\/myphillyworkerscomp.com\/es\/servicios\/\" \/>\n<meta property=\"og:site_name\" content=\"Cardamone Law\" \/>\n<meta property=\"article:publisher\" content=\"https:\/\/www.facebook.com\/MyPhillyWorkersComp\" \/>\n<meta property=\"article:modified_time\" content=\"2023-07-17T17:41:17+00:00\" \/>\n<meta property=\"og:image\" content=\"https:\/\/myphillyworkerscomp.com\/wp-content\/uploads\/2023\/05\/banner.jpg\" \/>\n\t<meta property=\"og:image:width\" content=\"1900\" \/>\n\t<meta property=\"og:image:height\" content=\"842\" \/>\n\t<meta property=\"og:image:type\" content=\"image\/jpeg\" \/>\n<meta name=\"twitter:card\" content=\"summary_large_image\" \/>\n<meta name=\"twitter:site\" content=\"@PhillyLawyer\" \/>\n<meta name=\"twitter:label1\" content=\"Tiempo de lectura\" \/>\n\t<meta name=\"twitter:data1\" content=\"1 minuto\" \/>\n<script type=\"application\/ld+json\" class=\"yoast-schema-graph\">{\"@context\":\"https:\/\/schema.org\",\"@graph\":[{\"@type\":\"WebPage\",\"@id\":\"https:\/\/myphillyworkerscomp.com\/es\/servicios\/\",\"url\":\"https:\/\/myphillyworkerscomp.com\/es\/servicios\/\",\"name\":\"Servicios - Cardamone Law\",\"isPartOf\":{\"@id\":\"https:\/\/myphillyworkerscomp.com\/#website\"},\"datePublished\":\"2023-05-23T15:26:17+00:00\",\"dateModified\":\"2023-07-17T17:41:17+00:00\",\"breadcrumb\":{\"@id\":\"https:\/\/myphillyworkerscomp.com\/es\/servicios\/#breadcrumb\"},\"inLanguage\":\"es\",\"potentialAction\":[{\"@type\":\"ReadAction\",\"target\":[\"https:\/\/myphillyworkerscomp.com\/es\/servicios\/\"]}]},{\"@type\":\"BreadcrumbList\",\"@id\":\"https:\/\/myphillyworkerscomp.com\/es\/servicios\/#breadcrumb\",\"itemListElement\":[{\"@type\":\"ListItem\",\"position\":1,\"name\":\"Home\",\"item\":\"https:\/\/myphillyworkerscomp.com\/es\/\"},{\"@type\":\"ListItem\",\"position\":2,\"name\":\"Servicios\"}]},{\"@type\":\"WebSite\",\"@id\":\"https:\/\/myphillyworkerscomp.com\/#website\",\"url\":\"https:\/\/myphillyworkerscomp.com\/\",\"name\":\"Cardamone Law\",\"description\":\"\",\"publisher\":{\"@id\":\"https:\/\/myphillyworkerscomp.com\/#organization\"},\"potentialAction\":[{\"@type\":\"SearchAction\",\"target\":{\"@type\":\"EntryPoint\",\"urlTemplate\":\"https:\/\/myphillyworkerscomp.com\/?s={search_term_string}\"},\"query-input\":\"required name=search_term_string\"}],\"inLanguage\":\"es\"},{\"@type\":\"Organization\",\"@id\":\"https:\/\/myphillyworkerscomp.com\/#organization\",\"name\":\"Cardamone Law\",\"alternateName\":\"Cardamone Law\",\"url\":\"https:\/\/myphillyworkerscomp.com\/\",\"logo\":{\"@type\":\"ImageObject\",\"inLanguage\":\"es\",\"@id\":\"https:\/\/myphillyworkerscomp.com\/#\/schema\/logo\/image\/\",\"url\":\"https:\/\/myphillyworkerscomp.com\/wp-content\/uploads\/2023\/06\/logo1.png\",\"contentUrl\":\"https:\/\/myphillyworkerscomp.com\/wp-content\/uploads\/2023\/06\/logo1.png\",\"width\":696,\"height\":696,\"caption\":\"Cardamone Law\"},\"image\":{\"@id\":\"https:\/\/myphillyworkerscomp.com\/#\/schema\/logo\/image\/\"},\"sameAs\":[\"https:\/\/www.facebook.com\/MyPhillyWorkersComp\",\"https:\/\/twitter.com\/PhillyLawyer\",\"https:\/\/www.linkedin.com\/in\/myphillyworkerscompattorney\"]}]}<\/script>\n<!-- \/ Yoast SEO Premium plugin. -->","yoast_head_json":{"title":"Servicios - Cardamone Law","robots":{"index":"index","follow":"follow","max-snippet":"max-snippet:-1","max-image-preview":"max-image-preview:large","max-video-preview":"max-video-preview:-1"},"canonical":"https:\/\/myphillyworkerscomp.com\/es\/servicios\/","og_locale":"es_ES","og_type":"article","og_title":"Servicios","og_description":"Como abogados dedicados a lesiones laborales, somos decididos en nuestro apoyo y representaci\u00f3n de los trabajadores de Pensilvania. Abogamos por los trabajadores de todas las industrias, desde la construcci\u00f3n y la fabricaci\u00f3n hasta la atenci\u00f3n m\u00e9dica y el transporte. Ya sea que haya sufrido lesiones f\u00edsicas como fracturas, esguinces o lesiones por esfuerzos repetitivos, o [&hellip;]","og_url":"https:\/\/myphillyworkerscomp.com\/es\/servicios\/","og_site_name":"Cardamone Law","article_publisher":"https:\/\/www.facebook.com\/MyPhillyWorkersComp","article_modified_time":"2023-07-17T17:41:17+00:00","og_image":[{"width":1900,"height":842,"url":"https:\/\/myphillyworkerscomp.com\/wp-content\/uploads\/2023\/05\/banner.jpg","type":"image\/jpeg"}],"twitter_card":"summary_large_image","twitter_site":"@PhillyLawyer","twitter_misc":{"Tiempo de lectura":"1 minuto"},"schema":{"@context":"https:\/\/schema.org","@graph":[{"@type":"WebPage","@id":"https:\/\/myphillyworkerscomp.com\/es\/servicios\/","url":"https:\/\/myphillyworkerscomp.com\/es\/servicios\/","name":"Servicios - Cardamone Law","isPartOf":{"@id":"https:\/\/myphillyworkerscomp.com\/#website"},"datePublished":"2023-05-23T15:26:17+00:00","dateModified":"2023-07-17T17:41:17+00:00","breadcrumb":{"@id":"https:\/\/myphillyworkerscomp.com\/es\/servicios\/#breadcrumb"},"inLanguage":"es","potentialAction":[{"@type":"ReadAction","target":["https:\/\/myphillyworkerscomp.com\/es\/servicios\/"]}]},{"@type":"BreadcrumbList","@id":"https:\/\/myphillyworkerscomp.com\/es\/servicios\/#breadcrumb","itemListElement":[{"@type":"ListItem","position":1,"name":"Home","item":"https:\/\/myphillyworkerscomp.com\/es\/"},{"@type":"ListItem","position":2,"name":"Servicios"}]},{"@type":"WebSite","@id":"https:\/\/myphillyworkerscomp.com\/#website","url":"https:\/\/myphillyworkerscomp.com\/","name":"Cardamone Law","description":"","publisher":{"@id":"https:\/\/myphillyworkerscomp.com\/#organization"},"potentialAction":[{"@type":"SearchAction","target":{"@type":"EntryPoint","urlTemplate":"https:\/\/myphillyworkerscomp.com\/?s={search_term_string}"},"query-input":"required name=search_term_string"}],"inLanguage":"es"},{"@type":"Organization","@id":"https:\/\/myphillyworkerscomp.com\/#organization","name":"Cardamone Law","alternateName":"Cardamone Law","url":"https:\/\/myphillyworkerscomp.com\/","logo":{"@type":"ImageObject","inLanguage":"es","@id":"https:\/\/myphillyworkerscomp.com\/#\/schema\/logo\/image\/","url":"https:\/\/myphillyworkerscomp.com\/wp-content\/uploads\/2023\/06\/logo1.png","contentUrl":"https:\/\/myphillyworkerscomp.com\/wp-content\/uploads\/2023\/06\/logo1.png","width":696,"height":696,"caption":"Cardamone Law"},"image":{"@id":"https:\/\/myphillyworkerscomp.com\/#\/schema\/logo\/image\/"},"sameAs":["https:\/\/www.facebook.com\/MyPhillyWorkersComp","https:\/\/twitter.com\/PhillyLawyer","https:\/\/www.linkedin.com\/in\/myphillyworkerscompattorney"]}]}},"_links":{"self":[{"href":"https:\/\/myphillyworkerscomp.com\/es\/wp-json\/wp\/v2\/pages\/3184","targetHints":{"allow":["GET"]}}],"collection":[{"href":"https:\/\/myphillyworkerscomp.com\/es\/wp-json\/wp\/v2\/pages"}],"about":[{"href":"https:\/\/myphillyworkerscomp.com\/es\/wp-json\/wp\/v2\/types\/page"}],"author":[{"embeddable":true,"href":"https:\/\/myphillyworkerscomp.com\/es\/wp-json\/wp\/v2\/users\/1"}],"replies":[{"embeddable":true,"href":"https:\/\/myphillyworkerscomp.com\/es\/wp-json\/wp\/v2\/comments?post=3184"}],"version-history":[{"count":0,"href":"https:\/\/myphillyworkerscomp.com\/es\/wp-json\/wp\/v2\/pages\/3184\/revisions"}],"wp:featuredmedia":[{"embeddable":true,"href":"https:\/\/myphillyworkerscomp.com\/es\/wp-json\/wp\/v2\/media\/2959"}],"wp:attachment":[{"href":"https:\/\/myphillyworkerscomp.com\/es\/wp-json\/wp\/v2\/media?parent=3184"}],"curies":[{"name":"wp","href":"https:\/\/api.w.org\/{rel}","templated":true}]}}